{"id":312,"date":"2024-09-20T15:23:19","date_gmt":"2024-09-20T15:23:19","guid":{"rendered":"https:\/\/10000-pubblicazioni.bfs.admin.ch\/?page_id=312"},"modified":"2024-10-16T12:58:03","modified_gmt":"2024-10-16T12:58:03","slug":"accueil","status":"publish","type":"page","link":"https:\/\/10000-pubblicazioni.bfs.admin.ch\/fr\/","title":{"rendered":"Accueil"},"content":{"rendered":"","protected":false},"excerpt":{"rendered":"","protected":false},"author":1,"featured_media":497,"parent":0,"menu_order":0,"comment_status":"closed","ping_status":"closed","template":"","meta":{"footnotes":""},"class_list":["post-312","page","type-page","status-publish","has-post-thumbnail","hentry"],"yoast_head":"<!-- This site is optimized with the Yoast SEO plugin v27.1.1 - https:\/\/yoast.com\/product\/yoast-seo-wordpress\/ -->\n<title>Statistique: 175 ans au service de l\u2019\u00c9tat f\u00e9d\u00e9ral moderne<\/title>\n<meta name=\"description\" content=\"\u00c0 l\u2019occasion de la 10 000e publication de l\u2019Office f\u00e9d\u00e9ral de la statistique\" \/>\n<meta name=\"robots\" content=\"index, follow, max-snippet:-1, max-image-preview:large, max-video-preview:-1\" \/>\n<link rel=\"canonical\" href=\"https:\/\/10000-pubblicazioni.bfs.admin.ch\/fr\/\" \/>\n<meta property=\"og:locale\" content=\"fr_FR\" \/>\n<meta property=\"og:type\" content=\"article\" \/>\n<meta property=\"og:title\" content=\"Statistique: 175 ans au service de l\u2019\u00c9tat f\u00e9d\u00e9ral moderne\" \/>\n<meta property=\"og:description\" content=\"\u00c0 l\u2019occasion de la 10 000e publication de l\u2019Office f\u00e9d\u00e9ral de la statistique\" \/>\n<meta property=\"og:url\" content=\"https:\/\/10000-pubblicazioni.bfs.admin.ch\/fr\/\" \/>\n<meta property=\"og:site_name\" content=\"Statistica: 175 anni al servizio del nostro moderno Stato federale\" \/>\n<meta property=\"article:modified_time\" content=\"2024-10-16T12:58:03+00:00\" \/>\n<meta property=\"og:image\" content=\"https:\/\/10000-pubblicazioni.bfs.admin.ch\/wp-content\/uploads\/2024\/09\/175-ANS-Social-Media-Thumbnail-1200px.png\" \/>\n\t<meta property=\"og:image:width\" content=\"1200\" \/>\n\t<meta property=\"og:image:height\" content=\"1200\" \/>\n\t<meta property=\"og:image:type\" content=\"image\/png\" \/>\n<meta name=\"twitter:card\" content=\"summary_large_image\" \/>\n<meta name=\"twitter:title\" content=\"Statistique: 175 ans au service de l\u2019\u00c9tat f\u00e9d\u00e9ral moderne\" \/>\n<meta name=\"twitter:description\" content=\"\u00c0 l\u2019occasion de la 10 000e publication de l\u2019Office f\u00e9d\u00e9ral de la statistique\" \/>\n<meta name=\"twitter:image\" content=\"https:\/\/10000-pubblicazioni.bfs.admin.ch\/wp-content\/uploads\/2024\/09\/175-ANS-Social-Media-Thumbnail-1200px.png\" \/>\n<meta name=\"twitter:label1\" content=\"Dur\u00e9e de lecture estim\u00e9e\" \/>\n\t<meta name=\"twitter:data1\" content=\"1 minute\" \/>\n<script type=\"application\/ld+json\" class=\"yoast-schema-graph\">{\"@context\":\"https:\/\/schema.org\",\"@graph\":[{\"@type\":\"WebPage\",\"@id\":\"https:\/\/10000-pubblicazioni.bfs.admin.ch\/fr\/\",\"url\":\"https:\/\/10000-pubblicazioni.bfs.admin.ch\/fr\/\",\"name\":\"Statistique: 175 ans au service de l\u2019\u00c9tat f\u00e9d\u00e9ral moderne\",\"isPartOf\":{\"@id\":\"https:\/\/10000-pubblicazioni.bfs.admin.ch\/fr\/#website\"},\"primaryImageOfPage\":{\"@id\":\"https:\/\/10000-pubblicazioni.bfs.admin.ch\/fr\/#primaryimage\"},\"image\":{\"@id\":\"https:\/\/10000-pubblicazioni.bfs.admin.ch\/fr\/#primaryimage\"},\"thumbnailUrl\":\"https:\/\/10000-pubblicazioni.bfs.admin.ch\/wp-content\/uploads\/2024\/09\/175-ANS-Social-Media-Thumbnail-1200px.png\",\"datePublished\":\"2024-09-20T15:23:19+00:00\",\"dateModified\":\"2024-10-16T12:58:03+00:00\",\"description\":\"\u00c0 l\u2019occasion de la 10 000e publication de l\u2019Office f\u00e9d\u00e9ral de la statistique\",\"breadcrumb\":{\"@id\":\"https:\/\/10000-pubblicazioni.bfs.admin.ch\/fr\/#breadcrumb\"},\"inLanguage\":\"fr-FR\",\"potentialAction\":[{\"@type\":\"ReadAction\",\"target\":[\"https:\/\/10000-pubblicazioni.bfs.admin.ch\/fr\/\"]}]},{\"@type\":\"ImageObject\",\"inLanguage\":\"fr-FR\",\"@id\":\"https:\/\/10000-pubblicazioni.bfs.admin.ch\/fr\/#primaryimage\",\"url\":\"https:\/\/10000-pubblicazioni.bfs.admin.ch\/wp-content\/uploads\/2024\/09\/175-ANS-Social-Media-Thumbnail-1200px.png\",\"contentUrl\":\"https:\/\/10000-pubblicazioni.bfs.admin.ch\/wp-content\/uploads\/2024\/09\/175-ANS-Social-Media-Thumbnail-1200px.png\",\"width\":1200,\"height\":1200},{\"@type\":\"BreadcrumbList\",\"@id\":\"https:\/\/10000-pubblicazioni.bfs.admin.ch\/fr\/#breadcrumb\",\"itemListElement\":[{\"@type\":\"ListItem\",\"position\":1,\"name\":\"Home\",\"item\":\"https:\/\/10000-pubblicazioni.bfs.admin.ch\/fr\/\"},{\"@type\":\"ListItem\",\"position\":2,\"name\":\"Accueil\"}]},{\"@type\":\"WebSite\",\"@id\":\"https:\/\/10000-pubblicazioni.bfs.admin.ch\/fr\/#website\",\"url\":\"https:\/\/10000-pubblicazioni.bfs.admin.ch\/fr\/\",\"name\":\"Statistica: 175 anni al servizio del nostro moderno Stato federale\",\"description\":\"\",\"publisher\":{\"@id\":\"https:\/\/10000-pubblicazioni.bfs.admin.ch\/fr\/#organization\"},\"potentialAction\":[{\"@type\":\"SearchAction\",\"target\":{\"@type\":\"EntryPoint\",\"urlTemplate\":\"https:\/\/10000-pubblicazioni.bfs.admin.ch\/fr\/?s={search_term_string}\"},\"query-input\":{\"@type\":\"PropertyValueSpecification\",\"valueRequired\":true,\"valueName\":\"search_term_string\"}}],\"inLanguage\":\"fr-FR\"},{\"@type\":\"Organization\",\"@id\":\"https:\/\/10000-pubblicazioni.bfs.admin.ch\/fr\/#organization\",\"name\":\"Ufficio federale di statistica\",\"url\":\"https:\/\/10000-pubblicazioni.bfs.admin.ch\/fr\/\",\"logo\":{\"@type\":\"ImageObject\",\"inLanguage\":\"fr-FR\",\"@id\":\"https:\/\/10000-pubblicazioni.bfs.admin.ch\/fr\/#\/schema\/logo\/image\/\",\"url\":\"https:\/\/10000-pubblicazioni.bfs.admin.ch\/wp-content\/uploads\/2024\/10\/favicon-144x144-1.png\",\"contentUrl\":\"https:\/\/10000-pubblicazioni.bfs.admin.ch\/wp-content\/uploads\/2024\/10\/favicon-144x144-1.png\",\"width\":144,\"height\":144,\"caption\":\"Ufficio federale di statistica\"},\"image\":{\"@id\":\"https:\/\/10000-pubblicazioni.bfs.admin.ch\/fr\/#\/schema\/logo\/image\/\"}}]}<\/script>\n<!-- \/ Yoast SEO plugin. -->","yoast_head_json":{"title":"Statistique: 175 ans au service de l\u2019\u00c9tat f\u00e9d\u00e9ral moderne","description":"\u00c0 l\u2019occasion de la 10 000e publication de l\u2019Office f\u00e9d\u00e9ral de la statistique","robots":{"index":"index","follow":"follow","max-snippet":"max-snippet:-1","max-image-preview":"max-image-preview:large","max-video-preview":"max-video-preview:-1"},"canonical":"https:\/\/10000-pubblicazioni.bfs.admin.ch\/fr\/","og_locale":"fr_FR","og_type":"article","og_title":"Statistique: 175 ans au service de l\u2019\u00c9tat f\u00e9d\u00e9ral moderne","og_description":"\u00c0 l\u2019occasion de la 10 000e publication de l\u2019Office f\u00e9d\u00e9ral de la statistique","og_url":"https:\/\/10000-pubblicazioni.bfs.admin.ch\/fr\/","og_site_name":"Statistica: 175 anni al servizio del nostro moderno Stato federale","article_modified_time":"2024-10-16T12:58:03+00:00","og_image":[{"width":1200,"height":1200,"url":"https:\/\/10000-pubblicazioni.bfs.admin.ch\/wp-content\/uploads\/2024\/09\/175-ANS-Social-Media-Thumbnail-1200px.png","type":"image\/png"}],"twitter_card":"summary_large_image","twitter_title":"Statistique: 175 ans au service de l\u2019\u00c9tat f\u00e9d\u00e9ral moderne","twitter_description":"\u00c0 l\u2019occasion de la 10 000e publication de l\u2019Office f\u00e9d\u00e9ral de la statistique","twitter_image":"https:\/\/10000-pubblicazioni.bfs.admin.ch\/wp-content\/uploads\/2024\/09\/175-ANS-Social-Media-Thumbnail-1200px.png","twitter_misc":{"Dur\u00e9e de lecture estim\u00e9e":"1 minute"},"schema":{"@context":"https:\/\/schema.org","@graph":[{"@type":"WebPage","@id":"https:\/\/10000-pubblicazioni.bfs.admin.ch\/fr\/","url":"https:\/\/10000-pubblicazioni.bfs.admin.ch\/fr\/","name":"Statistique: 175 ans au service de l\u2019\u00c9tat f\u00e9d\u00e9ral moderne","isPartOf":{"@id":"https:\/\/10000-pubblicazioni.bfs.admin.ch\/fr\/#website"},"primaryImageOfPage":{"@id":"https:\/\/10000-pubblicazioni.bfs.admin.ch\/fr\/#primaryimage"},"image":{"@id":"https:\/\/10000-pubblicazioni.bfs.admin.ch\/fr\/#primaryimage"},"thumbnailUrl":"https:\/\/10000-pubblicazioni.bfs.admin.ch\/wp-content\/uploads\/2024\/09\/175-ANS-Social-Media-Thumbnail-1200px.png","datePublished":"2024-09-20T15:23:19+00:00","dateModified":"2024-10-16T12:58:03+00:00","description":"\u00c0 l\u2019occasion de la 10 000e publication de l\u2019Office f\u00e9d\u00e9ral de la statistique","breadcrumb":{"@id":"https:\/\/10000-pubblicazioni.bfs.admin.ch\/fr\/#breadcrumb"},"inLanguage":"fr-FR","potentialAction":[{"@type":"ReadAction","target":["https:\/\/10000-pubblicazioni.bfs.admin.ch\/fr\/"]}]},{"@type":"ImageObject","inLanguage":"fr-FR","@id":"https:\/\/10000-pubblicazioni.bfs.admin.ch\/fr\/#primaryimage","url":"https:\/\/10000-pubblicazioni.bfs.admin.ch\/wp-content\/uploads\/2024\/09\/175-ANS-Social-Media-Thumbnail-1200px.png","contentUrl":"https:\/\/10000-pubblicazioni.bfs.admin.ch\/wp-content\/uploads\/2024\/09\/175-ANS-Social-Media-Thumbnail-1200px.png","width":1200,"height":1200},{"@type":"BreadcrumbList","@id":"https:\/\/10000-pubblicazioni.bfs.admin.ch\/fr\/#breadcrumb","itemListElement":[{"@type":"ListItem","position":1,"name":"Home","item":"https:\/\/10000-pubblicazioni.bfs.admin.ch\/fr\/"},{"@type":"ListItem","position":2,"name":"Accueil"}]},{"@type":"WebSite","@id":"https:\/\/10000-pubblicazioni.bfs.admin.ch\/fr\/#website","url":"https:\/\/10000-pubblicazioni.bfs.admin.ch\/fr\/","name":"Statistica: 175 anni al servizio del nostro moderno Stato federale","description":"","publisher":{"@id":"https:\/\/10000-pubblicazioni.bfs.admin.ch\/fr\/#organization"},"potentialAction":[{"@type":"SearchAction","target":{"@type":"EntryPoint","urlTemplate":"https:\/\/10000-pubblicazioni.bfs.admin.ch\/fr\/?s={search_term_string}"},"query-input":{"@type":"PropertyValueSpecification","valueRequired":true,"valueName":"search_term_string"}}],"inLanguage":"fr-FR"},{"@type":"Organization","@id":"https:\/\/10000-pubblicazioni.bfs.admin.ch\/fr\/#organization","name":"Ufficio federale di statistica","url":"https:\/\/10000-pubblicazioni.bfs.admin.ch\/fr\/","logo":{"@type":"ImageObject","inLanguage":"fr-FR","@id":"https:\/\/10000-pubblicazioni.bfs.admin.ch\/fr\/#\/schema\/logo\/image\/","url":"https:\/\/10000-pubblicazioni.bfs.admin.ch\/wp-content\/uploads\/2024\/10\/favicon-144x144-1.png","contentUrl":"https:\/\/10000-pubblicazioni.bfs.admin.ch\/wp-content\/uploads\/2024\/10\/favicon-144x144-1.png","width":144,"height":144,"caption":"Ufficio federale di statistica"},"image":{"@id":"https:\/\/10000-pubblicazioni.bfs.admin.ch\/fr\/#\/schema\/logo\/image\/"}}]}},"_links":{"self":[{"href":"https:\/\/10000-pubblicazioni.bfs.admin.ch\/fr\/wp-json\/wp\/v2\/pages\/312","targetHints":{"allow":["GET"]}}],"collection":[{"href":"https:\/\/10000-pubblicazioni.bfs.admin.ch\/fr\/wp-json\/wp\/v2\/pages"}],"about":[{"href":"https:\/\/10000-pubblicazioni.bfs.admin.ch\/fr\/wp-json\/wp\/v2\/types\/page"}],"author":[{"embeddable":true,"href":"https:\/\/10000-pubblicazioni.bfs.admin.ch\/fr\/wp-json\/wp\/v2\/users\/1"}],"replies":[{"embeddable":true,"href":"https:\/\/10000-pubblicazioni.bfs.admin.ch\/fr\/wp-json\/wp\/v2\/comments?post=312"}],"version-history":[{"count":1,"href":"https:\/\/10000-pubblicazioni.bfs.admin.ch\/fr\/wp-json\/wp\/v2\/pages\/312\/revisions"}],"predecessor-version":[{"id":319,"href":"https:\/\/10000-pubblicazioni.bfs.admin.ch\/fr\/wp-json\/wp\/v2\/pages\/312\/revisions\/319"}],"wp:featuredmedia":[{"embeddable":true,"href":"https:\/\/10000-pubblicazioni.bfs.admin.ch\/fr\/wp-json\/wp\/v2\/media\/497"}],"wp:attachment":[{"href":"https:\/\/10000-pubblicazioni.bfs.admin.ch\/fr\/wp-json\/wp\/v2\/media?parent=312"}],"curies":[{"name":"wp","href":"https:\/\/api.w.org\/{rel}","templated":true}]}}